{"id":768,"date":"2018-01-24T21:16:44","date_gmt":"2018-01-24T21:16:44","guid":{"rendered":"http:\/\/milieugids.be\/?page_id=768"},"modified":"2018-03-22T07:37:58","modified_gmt":"2018-03-22T07:37:58","slug":"norsonic","status":"publish","type":"page","link":"https:\/\/milieugids.be\/fr\/partenaires\/norsonic\/","title":{"rendered":"Norsonic"},"content":{"rendered":"<p>[et_pb_section bb_built=&#8221;1&#8243; fullwidth=&#8221;off&#8221; specialty=&#8221;off&#8221; _builder_version=&#8221;3.0.92&#8243; use_background_color_gradient=&#8221;on&#8221; background_color_gradient_start=&#8221;#ffffff&#8221; background_color_gradient_end=&#8221;#96bf0d&#8221; background_color_gradient_type=&#8221;radial&#8221; background_color_gradient_direction_radial=&#8221;top left&#8221; background_color_gradient_start_position=&#8221;32%&#8221; background_color_gradient_end_position=&#8221;77%&#8221; next_background_color=&#8221;#000000&#8243;][et_pb_row _builder_version=&#8221;3.0.92&#8243;][et_pb_column type=&#8221;1_3&#8243;][et_pb_image _builder_version=&#8221;3.0.106&#8243; src=&#8221;http:\/\/guidedelenvironnement.be\/wp-content\/uploads\/2018\/02\/Milieugids-partner-Norsonic.png&#8221; show_in_lightbox=&#8221;off&#8221; url_new_window=&#8221;on&#8221; use_overlay=&#8221;off&#8221; always_center_on_mobile=&#8221;on&#8221; force_fullwidth=&#8221;off&#8221; show_bottom_space=&#8221;on&#8221; align=&#8221;left&#8221; module_alignment=&#8221;left&#8221; max_width=&#8221;98%&#8221; max_width_tablet=&#8221;40%&#8221; max_width_last_edited=&#8221;on|tablet&#8221; url=&#8221;http:\/\/www.norsonic.be&#8221; \/][\/et_pb_column][et_pb_column type=&#8221;2_3&#8243;][et_pb_text _builder_version=&#8221;3.0.92&#8243; background_layout=&#8221;light&#8221; \/][\/et_pb_column][\/et_pb_row][\/et_pb_section][et_pb_section bb_built=&#8221;1&#8243; fullwidth=&#8221;on&#8221; specialty=&#8221;off&#8221; _builder_version=&#8221;3.0.92&#8243; prev_background_color=&#8221;#000000&#8243; next_background_color=&#8221;#000000&#8243;][et_pb_fullwidth_menu _builder_version=&#8221;3.0.92&#8243; menu_id=&#8221;16&#8243; submenu_direction=&#8221;downwards&#8221; fullwidth_menu=&#8221;off&#8221; background_layout=&#8221;dark&#8221; text_orientation=&#8221;center&#8221; menu_font_size=&#8221;17px&#8221; background_color_gradient_start=&#8221;rgba(150,191,13,0.25)&#8221; background_color_gradient_end=&#8221;#96bf0d&#8221; background_color_gradient_start_position=&#8221;10%&#8221; background_color=&#8221;#96bf0d&#8221; \/][\/et_pb_section][et_pb_section bb_built=&#8221;1&#8243; fullwidth=&#8221;off&#8221; specialty=&#8221;on&#8221; _builder_version=&#8221;3.0.92&#8243; module_id=&#8221;Information-g\u00e9n\u00e9rales&#8221; prev_background_color=&#8221;#000000&#8243; next_background_color=&#8221;#000000&#8243;][et_pb_column type=&#8221;1_4&#8243;][et_pb_blurb _builder_version=&#8221;3.0.92&#8243; title=&#8221;Information g\u00e9n\u00e9rales&#8221; url_new_window=&#8221;off&#8221; use_icon=&#8221;on&#8221; font_icon=&#8221;%%64%%&#8221; use_circle=&#8221;on&#8221; use_circle_border=&#8221;on&#8221; icon_placement=&#8221;top&#8221; use_icon_font_size=&#8221;on&#8221; background_layout=&#8221;light&#8221; icon_color=&#8221;#ffffff&#8221; header_level=&#8221;h1&#8243; header_font_size=&#8221;27&#8243; circle_border_color=&#8221;#41291c&#8221; icon_font_size=&#8221;30px&#8221; text_orientation=&#8221;center&#8221; animation_style=&#8221;fold&#8221; animation=&#8221;off&#8221; animation_duration=&#8221;500ms&#8221; \/][\/et_pb_column][et_pb_column type=&#8221;3_4&#8243; specialty_columns=&#8221;3&#8243;][et_pb_row_inner admin_label=&#8221;Row&#8221; _builder_version=&#8221;3.0.92&#8243; animation_style=&#8221;fold&#8221; animation_duration=&#8221;600ms&#8221; animation_delay=&#8221;50ms&#8221;][et_pb_column_inner type=&#8221;1_2&#8243; saved_specialty_column_type=&#8221;3_4&#8243;][et_pb_text _builder_version=&#8221;3.0.106&#8243; background_layout=&#8221;light&#8221;]<\/p>\n<p><strong>Soci\u00e9t\u00e9<\/strong>: Norsonic Benelux bvba<br \/>\n<strong>TVA<\/strong>: BE 0891.220.756<br \/>\n<strong>Adresse<\/strong>: Kerkhovenstraat 2B-3461 Molenbeek-Wersbeek<br \/>\n<strong>T\u00e9l.<\/strong>: +32 498 78 49 07<br \/>\n<strong>Fax (think green)<\/strong>:<br \/>\n<strong>E-mail<\/strong>: <a href=\"mailto:info@norsonic.be\">info@norsonic.be<\/a><\/p>\n<p>[\/et_pb_text][et_pb_social_media_follow _builder_version=&#8221;3.0.92&#8243; url_new_window=&#8221;on&#8221; follow_button=&#8221;off&#8221; background_layout=&#8221;light&#8221; \/][\/et_pb_column_inner][et_pb_column_inner type=&#8221;1_2&#8243; saved_specialty_column_type=&#8221;3_4&#8243;][et_pb_text _builder_version=&#8221;3.0.92&#8243; background_layout=&#8221;light&#8221;]<\/p>\n<p><strong>Personnes \u00e0 contacter + function:<\/strong> Pieter Blanckaert &#8211; Zaakvoerder<br \/>\n<strong>Site web<\/strong>:<br \/>\n<a href=\"http:\/\/www.norsonic.be\/\" target=\"_blank\" rel=\"noopener\">www.norsonic.be<\/a><br \/>\n<a href=\"http:\/\/www.geluidsmeter-decibelmeter.be\/\" target=\"_blank\" rel=\"noopener\">www.geluidsmeter-decibelmeter.be<\/a><br \/>\n<a href=\"http:\/\/www.sonometre.be\/\" target=\"_blank\" rel=\"noopener\">www.sonometre.be<\/a><br \/>\n<strong>Fondation<\/strong>:\u00a0in 2007<br \/>\n<strong>Nombre d&#8217;employ\u00e9s<\/strong>:<br \/>\n<strong>Chiffre d&#8217;affaires<\/strong>:<\/p>\n<p>[\/et_pb_text][\/et_pb_column_inner][\/et_pb_row_inner][\/et_pb_column][\/et_pb_section][et_pb_section bb_built=&#8221;1&#8243; fullwidth=&#8221;off&#8221; specialty=&#8221;on&#8221; _builder_version=&#8221;3.0.92&#8243; module_id=&#8221;description&#8221; prev_background_color=&#8221;#000000&#8243; next_background_color=&#8221;#000000&#8243;][et_pb_column type=&#8221;1_4&#8243;][et_pb_blurb _builder_version=&#8221;3.0.92&#8243; title=&#8221;Description&#8221; url_new_window=&#8221;off&#8221; use_icon=&#8221;on&#8221; font_icon=&#8221;%%65%%&#8221; use_circle=&#8221;on&#8221; use_circle_border=&#8221;on&#8221; icon_placement=&#8221;top&#8221; use_icon_font_size=&#8221;on&#8221; background_layout=&#8221;light&#8221; icon_color=&#8221;#ffffff&#8221; header_level=&#8221;h1&#8243; header_font_size=&#8221;27&#8243; circle_border_color=&#8221;#41291c&#8221; icon_font_size=&#8221;30px&#8221; text_orientation=&#8221;center&#8221; animation_style=&#8221;fold&#8221; animation_duration=&#8221;500ms&#8221; animation=&#8221;off&#8221; \/][\/et_pb_column][et_pb_column type=&#8221;3_4&#8243; specialty_columns=&#8221;3&#8243;][et_pb_row_inner admin_label=&#8221;Row&#8221; _builder_version=&#8221;3.0.92&#8243; animation_style=&#8221;fold&#8221; animation_duration=&#8221;650ms&#8221; animation_delay=&#8221;50ms&#8221;][et_pb_column_inner type=&#8221;4_4&#8243; saved_specialty_column_type=&#8221;3_4&#8243;][et_pb_text _builder_version=&#8221;3.0.92&#8243; background_layout=&#8221;light&#8221;]<\/p>\n<p><strong>Norsonic Benelux<\/strong>\u00a0is verdeler van meetapparatuur voor geluid- en trillingsmetingen.<\/p>\n<h3>Geluid:<\/h3>\n<p>Klasse 1 en klasse 2 handmeters, geluiddosismeters, visuele waarschuwing displays, systemen voor geluidsmonitoring,calibrators en ijkbronnen, bouwakoestische ruisbronnen en hamerapparaat, akoestische camera, microfoons, voorversterkers,microfoon beschermkits, windbollen, \u2026<\/p>\n<h3>Trillingen:<\/h3>\n<p>Trillingsmonitors voor gebouwen en hinder in gebouwen (DIN 4150 en SBR richtlijnen), Trillingsmeters voor hand-arm engehele lichaamstrillingenWe verdelen o.a. de merken Norsonic, Sequoia, SoundEar, SoundBadge, SPLnet, Euterpe<\/p>\n<p>[\/et_pb_text][et_pb_image _builder_version=&#8221;3.0.92&#8243; show_in_lightbox=&#8221;off&#8221; url_new_window=&#8221;off&#8221; use_overlay=&#8221;off&#8221; always_center_on_mobile=&#8221;on&#8221; force_fullwidth=&#8221;off&#8221; show_bottom_space=&#8221;on&#8221; src=&#8221;http:\/\/guidedelenvironnement.be\/wp-content\/uploads\/2018\/02\/Milieugids-partner-Norsonic.jpg&#8221; \/][\/et_pb_column_inner][\/et_pb_row_inner][\/et_pb_column][\/et_pb_section][et_pb_section bb_built=&#8221;1&#8243; fullwidth=&#8221;off&#8221; specialty=&#8221;on&#8221; _builder_version=&#8221;3.0.92&#8243; module_id=&#8221;sp\u00e9cialit\u00e9s&#8221; prev_background_color=&#8221;#000000&#8243; next_background_color=&#8221;#000000&#8243;][et_pb_column type=&#8221;1_4&#8243;][et_pb_blurb _builder_version=&#8221;3.0.92&#8243; title=&#8221;Sp\u00e9cialit\u00e9s&#8221; url_new_window=&#8221;off&#8221; use_icon=&#8221;on&#8221; font_icon=&#8221;%%67%%&#8221; use_circle=&#8221;on&#8221; use_circle_border=&#8221;on&#8221; icon_placement=&#8221;top&#8221; use_icon_font_size=&#8221;on&#8221; background_layout=&#8221;light&#8221; icon_color=&#8221;#ffffff&#8221; header_level=&#8221;h1&#8243; header_font_size=&#8221;27&#8243; circle_border_color=&#8221;#41291c&#8221; icon_font_size=&#8221;30px&#8221; text_orientation=&#8221;center&#8221; animation_style=&#8221;fold&#8221; animation_duration=&#8221;500ms&#8221; animation=&#8221;off&#8221; \/][\/et_pb_column][et_pb_column type=&#8221;3_4&#8243; specialty_columns=&#8221;3&#8243;][et_pb_row_inner admin_label=&#8221;Row&#8221; _builder_version=&#8221;3.0.92&#8243; animation_style=&#8221;fold&#8221; animation_duration=&#8221;650ms&#8221; animation_delay=&#8221;50ms&#8221;][et_pb_column_inner type=&#8221;4_4&#8243; saved_specialty_column_type=&#8221;3_4&#8243;][et_pb_text _builder_version=&#8221;3.0.92&#8243; background_layout=&#8221;light&#8221;]<\/p>\n<p>Erkend laboratorium en instelling voor geluidsmetingen, previsionele geluidsstudies, computersimulaties en geluidskartering in kleur, geluidshinderbestrijding, meet- en detectie apparatuur<\/p>\n<p>[\/et_pb_text][\/et_pb_column_inner][\/et_pb_row_inner][\/et_pb_column][\/et_pb_section][et_pb_section bb_built=&#8221;1&#8243; fullwidth=&#8221;off&#8221; specialty=&#8221;on&#8221; _builder_version=&#8221;3.0.106&#8243; module_id=&#8221;sp\u00e9cialit\u00e9s&#8221; next_background_color=&#8221;#41291c&#8221; prev_background_color=&#8221;#000000&#8243;][et_pb_column type=&#8221;1_4&#8243;][et_pb_blurb _builder_version=&#8221;3.0.106&#8243; title=&#8221;Publir\u00e9portage&#8221; url_new_window=&#8221;off&#8221; use_icon=&#8221;on&#8221; font_icon=&#8221;%%72%%&#8221; use_circle=&#8221;on&#8221; use_circle_border=&#8221;on&#8221; icon_placement=&#8221;top&#8221; use_icon_font_size=&#8221;on&#8221; background_layout=&#8221;light&#8221; icon_color=&#8221;#ffffff&#8221; header_level=&#8221;h1&#8243; header_font_size=&#8221;27&#8243; circle_border_color=&#8221;#41291c&#8221; icon_font_size=&#8221;30px&#8221; text_orientation=&#8221;center&#8221; animation_style=&#8221;fold&#8221; animation_duration=&#8221;500ms&#8221; animation=&#8221;off&#8221; module_id=&#8221;publireportage&#8221; \/][\/et_pb_column][et_pb_column type=&#8221;3_4&#8243; specialty_columns=&#8221;3&#8243;][et_pb_row_inner admin_label=&#8221;Row&#8221; _builder_version=&#8221;3.0.92&#8243; animation_style=&#8221;fold&#8221; animation_duration=&#8221;650ms&#8221; animation_delay=&#8221;50ms&#8221;][et_pb_column_inner type=&#8221;4_4&#8243; saved_specialty_column_type=&#8221;3_4&#8243;][et_pb_text _builder_version=&#8221;3.0.106&#8243; background_layout=&#8221;light&#8221; \/][\/et_pb_column_inner][\/et_pb_row_inner][\/et_pb_column][\/et_pb_section][et_pb_section bb_built=&#8221;1&#8243; fullwidth=&#8221;off&#8221; specialty=&#8221;off&#8221; _builder_version=&#8221;3.0.92&#8243; background_color=&#8221;#41291c&#8221; custom_padding=&#8221;10px||10px|&#8221; prev_background_color=&#8221;#ffffff&#8221; next_background_color=&#8221;#ffffff&#8221;][et_pb_row][et_pb_column type=&#8221;4_4&#8243;][et_pb_text _builder_version=&#8221;3.0.92&#8243; background_layout=&#8221;dark&#8221; text_orientation=&#8221;center&#8221;]<\/p>\n<h2>E-news<\/h2>\n<p>[\/et_pb_text][\/et_pb_column][\/et_pb_row][\/et_pb_section][et_pb_section bb_built=&#8221;1&#8243; fullwidth=&#8221;off&#8221; specialty=&#8221;off&#8221; _builder_version=&#8221;3.0.92&#8243; module_id=&#8221;e-news&#8221; prev_background_color=&#8221;#41291c&#8221;][et_pb_row][et_pb_column type=&#8221;4_4&#8243;][et_pb_blog _builder_version=&#8221;3.0.92&#8243; show_content=&#8221;off&#8221; show_thumbnail=&#8221;on&#8221; show_more=&#8221;on&#8221; show_author=&#8221;on&#8221; show_date=&#8221;on&#8221; show_categories=&#8221;off&#8221; show_comments=&#8221;off&#8221; show_pagination=&#8221;on&#8221; fullwidth=&#8221;off&#8221; use_dropshadow=&#8221;on&#8221; use_overlay=&#8221;off&#8221; background_layout=&#8221;light&#8221; pagination_font_size_tablet=&#8221;51&#8243; pagination_line_height_tablet=&#8221;2&#8243; include_categories=&#8221;139&#8243; box_shadow_horizontal=&#8221;0px&#8221; box_shadow_vertical=&#8221;1px&#8221; box_shadow_blur=&#8221;5px&#8221; box_shadow_spread=&#8221;0px&#8221; box_shadow_color=&#8221;rgba(0,0,0,.1)&#8221; box_shadow_style=&#8221;preset1&#8243; \/][\/et_pb_column][\/et_pb_row][\/et_pb_section]<\/p>\n","protected":false},"excerpt":{"rendered":"<p>Soci\u00e9t\u00e9: Norsonic Benelux bvba TVA: BE 0891.220.756 Adresse: Kerkhovenstraat 2B-3461 Molenbeek-Wersbeek T\u00e9l.: +32 498 78 49 07 Fax (think green): E-mail: info@norsonic.be Personnes \u00e0 contacter + function: Pieter Blanckaert &#8211; Zaakvoerder Site web: www.norsonic.be www.geluidsmeter-decibelmeter.be www.sonometre.be Fondation:\u00a0in 2007 Nombre d&#8217;employ\u00e9s: Chiffre d&#8217;affaires: Norsonic Benelux\u00a0is verdeler van meetapparatuur voor geluid- en trillingsmetingen. Geluid: Klasse 1 en [&hellip;]<\/p>\n","protected":false},"author":63,"featured_media":0,"parent":422,"menu_order":0,"comment_status":"closed","ping_status":"closed","template":"","meta":{"_et_pb_use_builder":"on","_et_pb_old_content":"","_et_gb_content_width":"","footnotes":""},"class_list":["post-768","page","type-page","status-publish","hentry"],"_links":{"self":[{"href":"https:\/\/milieugids.be\/fr\/wp-json\/wp\/v2\/pages\/768","targetHints":{"allow":["GET"]}}],"collection":[{"href":"https:\/\/milieugids.be\/fr\/wp-json\/wp\/v2\/pages"}],"about":[{"href":"https:\/\/milieugids.be\/fr\/wp-json\/wp\/v2\/types\/page"}],"author":[{"embeddable":true,"href":"https:\/\/milieugids.be\/fr\/wp-json\/wp\/v2\/users\/63"}],"replies":[{"embeddable":true,"href":"https:\/\/milieugids.be\/fr\/wp-json\/wp\/v2\/comments?post=768"}],"version-history":[{"count":0,"href":"https:\/\/milieugids.be\/fr\/wp-json\/wp\/v2\/pages\/768\/revisions"}],"up":[{"embeddable":true,"href":"https:\/\/milieugids.be\/fr\/wp-json\/wp\/v2\/pages\/422"}],"wp:attachment":[{"href":"https:\/\/milieugids.be\/fr\/wp-json\/wp\/v2\/media?parent=768"}],"curies":[{"name":"wp","href":"https:\/\/api.w.org\/{rel}","templated":true}]}}